{"id":2787,"date":"2023-12-05T15:35:07","date_gmt":"2023-12-05T14:35:07","guid":{"rendered":"https:\/\/boutique.loron.fr\/?post_type=product&#038;p=2787"},"modified":"2026-04-13T09:55:47","modified_gmt":"2026-04-13T07:55:47","slug":"2787","status":"publish","type":"product","link":"https:\/\/www.loron.fr\/en\/produit\/2787\/","title":{"rendered":"Le Clos &#8211; Ch\u00e2teau Bellevue &#8211; MAGNUM"},"content":{"rendered":"","protected":false},"excerpt":{"rendered":"<p>Le Ch\u00e2teau de Bellevue, majestueuse demeure construite en 1840, surplombe le village de Villi\u00e9-Morgon sur la colline de Bellevue.<\/p>\n<p>Les vignes de 70 ans d\u2019\u00e2ge sont plant\u00e9es dans l\u2019enceinte du Clos du Ch\u00e2teau (0,5 Ha) sur le Climat Corcelette, au sol sableux pauvre en mati\u00e8re organique et reposant sur un rocher granitique.<\/p>\n<p>Raisins \u00e9grapp\u00e9s et vinifi\u00e9s en cuves grill\u00e9es. Cuvaison longue (4 semaines environ) et \u00e9levage de 10 \u00e0 16 mois en f\u00fbts de ch\u00eane fran\u00e7ais.<\/p>\n<p>Nos r\u00e9serves caveau font l\u2019objet d\u2019une rigoureuse s\u00e9lection de parcelles de vignes et tiennent compte de la qualit\u00e9 du mill\u00e9sime dont le potentiel de garde est jug\u00e9 exceptionnel. Nos R\u00e9serves Caveau sont produites sur les mill\u00e9simes d\u2019exception uniquement.<\/p>\n<p><strong>Alc : 13% vol.<\/strong><\/p>\n<p>Contient des sulfites<\/p>\n<p><img loading=\"lazy\" decoding=\"async\" class=\"alignnone wp-image-1822 lazyloaded\" src=\"https:\/\/boutique.loron.fr\/wp-content\/uploads\/2022\/04\/logo-femme-enceinte-bicolore.jpg\" alt=\"\" width=\"43\" height=\"43\" data-ll-status=\"loaded\" \/><\/p>\n","protected":false},"featured_media":8843,"comment_status":"open","ping_status":"closed","template":"","meta":[],"product_cat":[32,15],"product_tag":[],"class_list":["post-2787","product","type-product","status-publish","has-post-thumbnail","hentry","product_cat-coup-de-coeur","product_cat-tous"],"acf":[],"yoast_head":"<!-- This site is optimized with the Yoast SEO plugin v18.4.1 - https:\/\/yoast.com\/wordpress\/plugins\/seo\/ -->\n<title>Le Clos - Ch\u00e2teau Bellevue - MAGNUM - Maison Jean Loron<\/title>\n<meta name=\"robots\" content=\"index, follow, max-snippet:-1, max-image-preview:large, max-video-preview:-1\" \/>\n<link rel=\"canonical\" href=\"https:\/\/www.loron.fr\/en\/produit\/2787\/\" \/>\n<meta property=\"og:locale\" content=\"en_US\" \/>\n<meta property=\"og:type\" content=\"article\" \/>\n<meta property=\"og:title\" content=\"Le Clos - Ch\u00e2teau Bellevue - MAGNUM - Maison Jean Loron\" \/>\n<meta property=\"og:description\" content=\"Le Ch\u00e2teau de Bellevue, majestueuse demeure construite en 1840, surplombe le village de Villi\u00e9-Morgon sur la colline de Bellevue.  Les vignes de 70 ans d\u2019\u00e2ge sont plant\u00e9es dans l\u2019enceinte du Clos du Ch\u00e2teau (0,5 Ha) sur le Climat Corcelette, au sol sableux pauvre en mati\u00e8re organique et reposant sur un rocher granitique.  Raisins \u00e9grapp\u00e9s et vinifi\u00e9s en cuves grill\u00e9es. Cuvaison longue (4 semaines environ) et \u00e9levage de 10 \u00e0 16 mois en f\u00fbts de ch\u00eane fran\u00e7ais.  Nos r\u00e9serves caveau font l\u2019objet d\u2019une rigoureuse s\u00e9lection de parcelles de vignes et tiennent compte de la qualit\u00e9 du mill\u00e9sime dont le potentiel de garde est jug\u00e9 exceptionnel. Nos R\u00e9serves Caveau sont produites sur les mill\u00e9simes d\u2019exception uniquement.  Alc : 13% vol.  Contient des sulfites\" \/>\n<meta property=\"og:url\" content=\"https:\/\/www.loron.fr\/en\/produit\/2787\/\" \/>\n<meta property=\"og:site_name\" content=\"Maison Jean Loron\" \/>\n<meta property=\"article:modified_time\" content=\"2026-04-13T07:55:47+00:00\" \/>\n<meta property=\"og:image\" content=\"https:\/\/www.loron.fr\/wp-content\/uploads\/2023\/12\/PHOTO-COVER-BOUTIQUE-2026-15.png\" \/>\n\t<meta property=\"og:image:width\" content=\"500\" \/>\n\t<meta property=\"og:image:height\" content=\"500\" \/>\n\t<meta property=\"og:image:type\" content=\"image\/png\" \/>\n<meta name=\"twitter:card\" content=\"summary_large_image\" \/>\n<script type=\"application\/ld+json\" class=\"yoast-schema-graph\">{\"@context\":\"https:\/\/schema.org\",\"@graph\":[{\"@type\":\"WebSite\",\"@id\":\"https:\/\/www.loron.fr\/en\/#website\",\"url\":\"https:\/\/www.loron.fr\/en\/\",\"name\":\"Maison Jean Loron\",\"description\":\"Domaines viticoles en Beaujolais et M\u00e2connais\",\"potentialAction\":[{\"@type\":\"SearchAction\",\"target\":{\"@type\":\"EntryPoint\",\"urlTemplate\":\"https:\/\/www.loron.fr\/en\/?s={search_term_string}\"},\"query-input\":\"required name=search_term_string\"}],\"inLanguage\":\"en-US\"},{\"@type\":\"ImageObject\",\"@id\":\"https:\/\/www.loron.fr\/en\/produit\/2787\/#primaryimage\",\"inLanguage\":\"en-US\",\"url\":\"https:\/\/www.loron.fr\/wp-content\/uploads\/2023\/12\/PHOTO-COVER-BOUTIQUE-2026-15.png\",\"contentUrl\":\"https:\/\/www.loron.fr\/wp-content\/uploads\/2023\/12\/PHOTO-COVER-BOUTIQUE-2026-15.png\",\"width\":500,\"height\":500},{\"@type\":\"WebPage\",\"@id\":\"https:\/\/www.loron.fr\/en\/produit\/2787\/#webpage\",\"url\":\"https:\/\/www.loron.fr\/en\/produit\/2787\/\",\"name\":\"Le Clos - Ch\u00e2teau Bellevue - MAGNUM - Maison Jean Loron\",\"isPartOf\":{\"@id\":\"https:\/\/www.loron.fr\/en\/#website\"},\"primaryImageOfPage\":{\"@id\":\"https:\/\/www.loron.fr\/en\/produit\/2787\/#primaryimage\"},\"datePublished\":\"2023-12-05T14:35:07+00:00\",\"dateModified\":\"2026-04-13T07:55:47+00:00\",\"breadcrumb\":{\"@id\":\"https:\/\/www.loron.fr\/en\/produit\/2787\/#breadcrumb\"},\"inLanguage\":\"en-US\",\"potentialAction\":[{\"@type\":\"ReadAction\",\"target\":[\"https:\/\/www.loron.fr\/en\/produit\/2787\/\"]}]},{\"@type\":\"BreadcrumbList\",\"@id\":\"https:\/\/www.loron.fr\/en\/produit\/2787\/#breadcrumb\",\"itemListElement\":[{\"@type\":\"ListItem\",\"position\":1,\"name\":\"Accueil\",\"item\":\"https:\/\/www.loron.fr\/en\/\"},{\"@type\":\"ListItem\",\"position\":2,\"name\":\"Shop\",\"item\":\"https:\/\/www.loron.fr\/en\/?page_id=3435\"},{\"@type\":\"ListItem\",\"position\":3,\"name\":\"Le Clos &#8211; Ch\u00e2teau Bellevue &#8211; MAGNUM\"}]}]}<\/script>\n<!-- \/ Yoast SEO plugin. -->","yoast_head_json":{"title":"Le Clos - Ch\u00e2teau Bellevue - MAGNUM - Maison Jean Loron","robots":{"index":"index","follow":"follow","max-snippet":"max-snippet:-1","max-image-preview":"max-image-preview:large","max-video-preview":"max-video-preview:-1"},"canonical":"https:\/\/www.loron.fr\/en\/produit\/2787\/","og_locale":"en_US","og_type":"article","og_title":"Le Clos - Ch\u00e2teau Bellevue - MAGNUM - Maison Jean Loron","og_description":"Le Ch\u00e2teau de Bellevue, majestueuse demeure construite en 1840, surplombe le village de Villi\u00e9-Morgon sur la colline de Bellevue.  Les vignes de 70 ans d\u2019\u00e2ge sont plant\u00e9es dans l\u2019enceinte du Clos du Ch\u00e2teau (0,5 Ha) sur le Climat Corcelette, au sol sableux pauvre en mati\u00e8re organique et reposant sur un rocher granitique.  Raisins \u00e9grapp\u00e9s et vinifi\u00e9s en cuves grill\u00e9es. Cuvaison longue (4 semaines environ) et \u00e9levage de 10 \u00e0 16 mois en f\u00fbts de ch\u00eane fran\u00e7ais.  Nos r\u00e9serves caveau font l\u2019objet d\u2019une rigoureuse s\u00e9lection de parcelles de vignes et tiennent compte de la qualit\u00e9 du mill\u00e9sime dont le potentiel de garde est jug\u00e9 exceptionnel. Nos R\u00e9serves Caveau sont produites sur les mill\u00e9simes d\u2019exception uniquement.  Alc : 13% vol.  Contient des sulfites","og_url":"https:\/\/www.loron.fr\/en\/produit\/2787\/","og_site_name":"Maison Jean Loron","article_modified_time":"2026-04-13T07:55:47+00:00","og_image":[{"width":500,"height":500,"url":"https:\/\/www.loron.fr\/wp-content\/uploads\/2023\/12\/PHOTO-COVER-BOUTIQUE-2026-15.png","type":"image\/png"}],"twitter_card":"summary_large_image","schema":{"@context":"https:\/\/schema.org","@graph":[{"@type":"WebSite","@id":"https:\/\/www.loron.fr\/en\/#website","url":"https:\/\/www.loron.fr\/en\/","name":"Maison Jean Loron","description":"Domaines viticoles en Beaujolais et M\u00e2connais","potentialAction":[{"@type":"SearchAction","target":{"@type":"EntryPoint","urlTemplate":"https:\/\/www.loron.fr\/en\/?s={search_term_string}"},"query-input":"required name=search_term_string"}],"inLanguage":"en-US"},{"@type":"ImageObject","@id":"https:\/\/www.loron.fr\/en\/produit\/2787\/#primaryimage","inLanguage":"en-US","url":"https:\/\/www.loron.fr\/wp-content\/uploads\/2023\/12\/PHOTO-COVER-BOUTIQUE-2026-15.png","contentUrl":"https:\/\/www.loron.fr\/wp-content\/uploads\/2023\/12\/PHOTO-COVER-BOUTIQUE-2026-15.png","width":500,"height":500},{"@type":"WebPage","@id":"https:\/\/www.loron.fr\/en\/produit\/2787\/#webpage","url":"https:\/\/www.loron.fr\/en\/produit\/2787\/","name":"Le Clos - Ch\u00e2teau Bellevue - MAGNUM - Maison Jean Loron","isPartOf":{"@id":"https:\/\/www.loron.fr\/en\/#website"},"primaryImageOfPage":{"@id":"https:\/\/www.loron.fr\/en\/produit\/2787\/#primaryimage"},"datePublished":"2023-12-05T14:35:07+00:00","dateModified":"2026-04-13T07:55:47+00:00","breadcrumb":{"@id":"https:\/\/www.loron.fr\/en\/produit\/2787\/#breadcrumb"},"inLanguage":"en-US","potentialAction":[{"@type":"ReadAction","target":["https:\/\/www.loron.fr\/en\/produit\/2787\/"]}]},{"@type":"BreadcrumbList","@id":"https:\/\/www.loron.fr\/en\/produit\/2787\/#breadcrumb","itemListElement":[{"@type":"ListItem","position":1,"name":"Accueil","item":"https:\/\/www.loron.fr\/en\/"},{"@type":"ListItem","position":2,"name":"Shop","item":"https:\/\/www.loron.fr\/en\/?page_id=3435"},{"@type":"ListItem","position":3,"name":"Le Clos &#8211; Ch\u00e2teau Bellevue &#8211; MAGNUM"}]}]}},"_links":{"self":[{"href":"https:\/\/www.loron.fr\/en\/wp-json\/wp\/v2\/product\/2787","targetHints":{"allow":["GET"]}}],"collection":[{"href":"https:\/\/www.loron.fr\/en\/wp-json\/wp\/v2\/product"}],"about":[{"href":"https:\/\/www.loron.fr\/en\/wp-json\/wp\/v2\/types\/product"}],"replies":[{"embeddable":true,"href":"https:\/\/www.loron.fr\/en\/wp-json\/wp\/v2\/comments?post=2787"}],"wp:featuredmedia":[{"embeddable":true,"href":"https:\/\/www.loron.fr\/en\/wp-json\/wp\/v2\/media\/8843"}],"wp:attachment":[{"href":"https:\/\/www.loron.fr\/en\/wp-json\/wp\/v2\/media?parent=2787"}],"wp:term":[{"taxonomy":"product_cat","embeddable":true,"href":"https:\/\/www.loron.fr\/en\/wp-json\/wp\/v2\/product_cat?post=2787"},{"taxonomy":"product_tag","embeddable":true,"href":"https:\/\/www.loron.fr\/en\/wp-json\/wp\/v2\/product_tag?post=2787"}],"curies":[{"name":"wp","href":"https:\/\/api.w.org\/{rel}","templated":true}]}}