{"id":2936,"date":"2024-03-07T10:05:22","date_gmt":"2024-03-07T09:05:22","guid":{"rendered":"https:\/\/boutique.loron.fr\/?post_type=product&#038;p=2936"},"modified":"2026-04-13T09:51:55","modified_gmt":"2026-04-13T07:51:55","slug":"beaujolais-lantignie-la-croix-blanche","status":"publish","type":"product","link":"https:\/\/www.loron.fr\/en\/produit\/beaujolais-lantignie-la-croix-blanche\/","title":{"rendered":"Beaujolais Lantigni\u00e9 &#8211; La Croix Blanche"},"content":{"rendered":"","protected":false},"excerpt":{"rendered":"","protected":false},"featured_media":8817,"comment_status":"open","ping_status":"closed","template":"","meta":[],"product_cat":[55,15],"product_tag":[],"class_list":["post-2936","product","type-product","status-publish","has-post-thumbnail","hentry","product_cat-gamme-heritiers-beaujolais","product_cat-tous"],"acf":[],"yoast_head":"<!-- This site is optimized with the Yoast SEO plugin v18.4.1 - https:\/\/yoast.com\/wordpress\/plugins\/seo\/ -->\n<title>Beaujolais Lantigni\u00e9 - La Croix Blanche - Maison Jean Loron<\/title>\n<meta name=\"description\" content=\"Ce vin est port\u00e9 par une bouche \u00e9l\u00e9gante et min\u00e9rale, d&#039;une belle persistance. Au nez se d\u00e9gagent des ar\u00f4mes de cerises noires l\u00e9g\u00e8rement kirsh\u00e9es, de f\u00e8ve de cacao avec un soup\u00e7on d&#039;\u00e9corce d&#039;orange bien m\u00fbre.\" \/>\n<meta name=\"robots\" content=\"index, follow, max-snippet:-1, max-image-preview:large, max-video-preview:-1\" \/>\n<link rel=\"canonical\" href=\"https:\/\/www.loron.fr\/en\/produit\/beaujolais-lantignie-la-croix-blanche\/\" \/>\n<meta property=\"og:locale\" content=\"en_US\" \/>\n<meta property=\"og:type\" content=\"article\" \/>\n<meta property=\"og:title\" content=\"Beaujolais Lantigni\u00e9 - La Croix Blanche - Maison Jean Loron\" \/>\n<meta property=\"og:description\" content=\"Ce vin est port\u00e9 par une bouche \u00e9l\u00e9gante et min\u00e9rale, d&#039;une belle persistance. Au nez se d\u00e9gagent des ar\u00f4mes de cerises noires l\u00e9g\u00e8rement kirsh\u00e9es, de f\u00e8ve de cacao avec un soup\u00e7on d&#039;\u00e9corce d&#039;orange bien m\u00fbre.\" \/>\n<meta property=\"og:url\" content=\"https:\/\/www.loron.fr\/en\/produit\/beaujolais-lantignie-la-croix-blanche\/\" \/>\n<meta property=\"og:site_name\" content=\"Maison Jean Loron\" \/>\n<meta property=\"article:modified_time\" content=\"2026-04-13T07:51:55+00:00\" \/>\n<meta property=\"og:image\" content=\"https:\/\/www.loron.fr\/wp-content\/uploads\/2024\/10\/PHOTO-COVER-BOUTIQUE-2026-2.png\" \/>\n\t<meta property=\"og:image:width\" content=\"500\" \/>\n\t<meta property=\"og:image:height\" content=\"500\" \/>\n\t<meta property=\"og:image:type\" content=\"image\/png\" \/>\n<meta name=\"twitter:card\" content=\"summary_large_image\" \/>\n<script type=\"application\/ld+json\" class=\"yoast-schema-graph\">{\"@context\":\"https:\/\/schema.org\",\"@graph\":[{\"@type\":\"WebSite\",\"@id\":\"https:\/\/www.loron.fr\/en\/#website\",\"url\":\"https:\/\/www.loron.fr\/en\/\",\"name\":\"Maison Jean Loron\",\"description\":\"Domaines viticoles en Beaujolais et M\u00e2connais\",\"potentialAction\":[{\"@type\":\"SearchAction\",\"target\":{\"@type\":\"EntryPoint\",\"urlTemplate\":\"https:\/\/www.loron.fr\/en\/?s={search_term_string}\"},\"query-input\":\"required name=search_term_string\"}],\"inLanguage\":\"en-US\"},{\"@type\":\"ImageObject\",\"@id\":\"https:\/\/www.loron.fr\/en\/produit\/beaujolais-lantignie-la-croix-blanche\/#primaryimage\",\"inLanguage\":\"en-US\",\"url\":\"https:\/\/www.loron.fr\/wp-content\/uploads\/2024\/10\/PHOTO-COVER-BOUTIQUE-2026-2.png\",\"contentUrl\":\"https:\/\/www.loron.fr\/wp-content\/uploads\/2024\/10\/PHOTO-COVER-BOUTIQUE-2026-2.png\",\"width\":500,\"height\":500},{\"@type\":\"WebPage\",\"@id\":\"https:\/\/www.loron.fr\/en\/produit\/beaujolais-lantignie-la-croix-blanche\/#webpage\",\"url\":\"https:\/\/www.loron.fr\/en\/produit\/beaujolais-lantignie-la-croix-blanche\/\",\"name\":\"Beaujolais Lantigni\u00e9 - La Croix Blanche - Maison Jean Loron\",\"isPartOf\":{\"@id\":\"https:\/\/www.loron.fr\/en\/#website\"},\"primaryImageOfPage\":{\"@id\":\"https:\/\/www.loron.fr\/en\/produit\/beaujolais-lantignie-la-croix-blanche\/#primaryimage\"},\"datePublished\":\"2024-03-07T09:05:22+00:00\",\"dateModified\":\"2026-04-13T07:51:55+00:00\",\"description\":\"Ce vin est port\u00e9 par une bouche \u00e9l\u00e9gante et min\u00e9rale, d'une belle persistance. Au nez se d\u00e9gagent des ar\u00f4mes de cerises noires l\u00e9g\u00e8rement kirsh\u00e9es, de f\u00e8ve de cacao avec un soup\u00e7on d'\u00e9corce d'orange bien m\u00fbre.\",\"breadcrumb\":{\"@id\":\"https:\/\/www.loron.fr\/en\/produit\/beaujolais-lantignie-la-croix-blanche\/#breadcrumb\"},\"inLanguage\":\"en-US\",\"potentialAction\":[{\"@type\":\"ReadAction\",\"target\":[\"https:\/\/www.loron.fr\/en\/produit\/beaujolais-lantignie-la-croix-blanche\/\"]}]},{\"@type\":\"BreadcrumbList\",\"@id\":\"https:\/\/www.loron.fr\/en\/produit\/beaujolais-lantignie-la-croix-blanche\/#breadcrumb\",\"itemListElement\":[{\"@type\":\"ListItem\",\"position\":1,\"name\":\"Accueil\",\"item\":\"https:\/\/www.loron.fr\/en\/\"},{\"@type\":\"ListItem\",\"position\":2,\"name\":\"Shop\",\"item\":\"https:\/\/www.loron.fr\/en\/?page_id=3435\"},{\"@type\":\"ListItem\",\"position\":3,\"name\":\"Beaujolais Lantigni\u00e9 &#8211; La Croix Blanche\"}]}]}<\/script>\n<!-- \/ Yoast SEO plugin. -->","yoast_head_json":{"title":"Beaujolais Lantigni\u00e9 - La Croix Blanche - Maison Jean Loron","description":"Ce vin est port\u00e9 par une bouche \u00e9l\u00e9gante et min\u00e9rale, d'une belle persistance. Au nez se d\u00e9gagent des ar\u00f4mes de cerises noires l\u00e9g\u00e8rement kirsh\u00e9es, de f\u00e8ve de cacao avec un soup\u00e7on d'\u00e9corce d'orange bien m\u00fbre.","robots":{"index":"index","follow":"follow","max-snippet":"max-snippet:-1","max-image-preview":"max-image-preview:large","max-video-preview":"max-video-preview:-1"},"canonical":"https:\/\/www.loron.fr\/en\/produit\/beaujolais-lantignie-la-croix-blanche\/","og_locale":"en_US","og_type":"article","og_title":"Beaujolais Lantigni\u00e9 - La Croix Blanche - Maison Jean Loron","og_description":"Ce vin est port\u00e9 par une bouche \u00e9l\u00e9gante et min\u00e9rale, d'une belle persistance. Au nez se d\u00e9gagent des ar\u00f4mes de cerises noires l\u00e9g\u00e8rement kirsh\u00e9es, de f\u00e8ve de cacao avec un soup\u00e7on d'\u00e9corce d'orange bien m\u00fbre.","og_url":"https:\/\/www.loron.fr\/en\/produit\/beaujolais-lantignie-la-croix-blanche\/","og_site_name":"Maison Jean Loron","article_modified_time":"2026-04-13T07:51:55+00:00","og_image":[{"width":500,"height":500,"url":"https:\/\/www.loron.fr\/wp-content\/uploads\/2024\/10\/PHOTO-COVER-BOUTIQUE-2026-2.png","type":"image\/png"}],"twitter_card":"summary_large_image","schema":{"@context":"https:\/\/schema.org","@graph":[{"@type":"WebSite","@id":"https:\/\/www.loron.fr\/en\/#website","url":"https:\/\/www.loron.fr\/en\/","name":"Maison Jean Loron","description":"Domaines viticoles en Beaujolais et M\u00e2connais","potentialAction":[{"@type":"SearchAction","target":{"@type":"EntryPoint","urlTemplate":"https:\/\/www.loron.fr\/en\/?s={search_term_string}"},"query-input":"required name=search_term_string"}],"inLanguage":"en-US"},{"@type":"ImageObject","@id":"https:\/\/www.loron.fr\/en\/produit\/beaujolais-lantignie-la-croix-blanche\/#primaryimage","inLanguage":"en-US","url":"https:\/\/www.loron.fr\/wp-content\/uploads\/2024\/10\/PHOTO-COVER-BOUTIQUE-2026-2.png","contentUrl":"https:\/\/www.loron.fr\/wp-content\/uploads\/2024\/10\/PHOTO-COVER-BOUTIQUE-2026-2.png","width":500,"height":500},{"@type":"WebPage","@id":"https:\/\/www.loron.fr\/en\/produit\/beaujolais-lantignie-la-croix-blanche\/#webpage","url":"https:\/\/www.loron.fr\/en\/produit\/beaujolais-lantignie-la-croix-blanche\/","name":"Beaujolais Lantigni\u00e9 - La Croix Blanche - Maison Jean Loron","isPartOf":{"@id":"https:\/\/www.loron.fr\/en\/#website"},"primaryImageOfPage":{"@id":"https:\/\/www.loron.fr\/en\/produit\/beaujolais-lantignie-la-croix-blanche\/#primaryimage"},"datePublished":"2024-03-07T09:05:22+00:00","dateModified":"2026-04-13T07:51:55+00:00","description":"Ce vin est port\u00e9 par une bouche \u00e9l\u00e9gante et min\u00e9rale, d'une belle persistance. Au nez se d\u00e9gagent des ar\u00f4mes de cerises noires l\u00e9g\u00e8rement kirsh\u00e9es, de f\u00e8ve de cacao avec un soup\u00e7on d'\u00e9corce d'orange bien m\u00fbre.","breadcrumb":{"@id":"https:\/\/www.loron.fr\/en\/produit\/beaujolais-lantignie-la-croix-blanche\/#breadcrumb"},"inLanguage":"en-US","potentialAction":[{"@type":"ReadAction","target":["https:\/\/www.loron.fr\/en\/produit\/beaujolais-lantignie-la-croix-blanche\/"]}]},{"@type":"BreadcrumbList","@id":"https:\/\/www.loron.fr\/en\/produit\/beaujolais-lantignie-la-croix-blanche\/#breadcrumb","itemListElement":[{"@type":"ListItem","position":1,"name":"Accueil","item":"https:\/\/www.loron.fr\/en\/"},{"@type":"ListItem","position":2,"name":"Shop","item":"https:\/\/www.loron.fr\/en\/?page_id=3435"},{"@type":"ListItem","position":3,"name":"Beaujolais Lantigni\u00e9 &#8211; La Croix Blanche"}]}]}},"_links":{"self":[{"href":"https:\/\/www.loron.fr\/en\/wp-json\/wp\/v2\/product\/2936","targetHints":{"allow":["GET"]}}],"collection":[{"href":"https:\/\/www.loron.fr\/en\/wp-json\/wp\/v2\/product"}],"about":[{"href":"https:\/\/www.loron.fr\/en\/wp-json\/wp\/v2\/types\/product"}],"replies":[{"embeddable":true,"href":"https:\/\/www.loron.fr\/en\/wp-json\/wp\/v2\/comments?post=2936"}],"wp:featuredmedia":[{"embeddable":true,"href":"https:\/\/www.loron.fr\/en\/wp-json\/wp\/v2\/media\/8817"}],"wp:attachment":[{"href":"https:\/\/www.loron.fr\/en\/wp-json\/wp\/v2\/media?parent=2936"}],"wp:term":[{"taxonomy":"product_cat","embeddable":true,"href":"https:\/\/www.loron.fr\/en\/wp-json\/wp\/v2\/product_cat?post=2936"},{"taxonomy":"product_tag","embeddable":true,"href":"https:\/\/www.loron.fr\/en\/wp-json\/wp\/v2\/product_tag?post=2936"}],"curies":[{"name":"wp","href":"https:\/\/api.w.org\/{rel}","templated":true}]}}