{"id":2941,"date":"2024-03-07T10:42:03","date_gmt":"2024-03-07T09:42:03","guid":{"rendered":"https:\/\/boutique.loron.fr\/?post_type=product&#038;p=2941"},"modified":"2026-04-13T09:42:03","modified_gmt":"2026-04-13T07:42:03","slug":"moulin-a-vent-la-rochelle","status":"publish","type":"product","link":"https:\/\/www.loron.fr\/en\/produit\/moulin-a-vent-la-rochelle\/","title":{"rendered":"Moulin \u00e0 Vent &#8211; La Rochelle"},"content":{"rendered":"","protected":false},"excerpt":{"rendered":"","protected":false},"featured_media":8829,"comment_status":"open","ping_status":"closed","template":"","meta":[],"product_cat":[55,15],"product_tag":[],"class_list":["post-2941","product","type-product","status-publish","has-post-thumbnail","hentry","product_cat-gamme-heritiers-beaujolais","product_cat-tous"],"acf":[],"yoast_head":"<!-- This site is optimized with the Yoast SEO plugin v18.4.1 - https:\/\/yoast.com\/wordpress\/plugins\/seo\/ -->\n<title>Moulin \u00e0 Vent - La Rochelle - Maison Jean Loron<\/title>\n<meta name=\"description\" content=\"L\u2019assemblage des diff\u00e9rentes parcelles de notre domaine de Moulin \u00e0 Vent permet d\u2019allier l\u2019attaque fra\u00eeche \u00e0 une bouche suave concentrant des tanins \u00e9l\u00e9gants d\u2019une grande finesse. Les notes de cerise fraiche et la touche de m\u00fbre se marient aux saveurs l\u00e9g\u00e8rement vanille\u00e9s r\u00e9v\u00e9l\u00e9es par \u00e9levage partiel et maitris\u00e9 en f\u00fbts. Vin d\u2019une agr\u00e9able complexit\u00e9.\" \/>\n<meta name=\"robots\" content=\"index, follow, max-snippet:-1, max-image-preview:large, max-video-preview:-1\" \/>\n<link rel=\"canonical\" href=\"https:\/\/www.loron.fr\/en\/produit\/moulin-a-vent-la-rochelle\/\" \/>\n<meta property=\"og:locale\" content=\"en_US\" \/>\n<meta property=\"og:type\" content=\"article\" \/>\n<meta property=\"og:title\" content=\"Moulin \u00e0 Vent - La Rochelle - Maison Jean Loron\" \/>\n<meta property=\"og:description\" content=\"L\u2019assemblage des diff\u00e9rentes parcelles de notre domaine de Moulin \u00e0 Vent permet d\u2019allier l\u2019attaque fra\u00eeche \u00e0 une bouche suave concentrant des tanins \u00e9l\u00e9gants d\u2019une grande finesse. Les notes de cerise fraiche et la touche de m\u00fbre se marient aux saveurs l\u00e9g\u00e8rement vanille\u00e9s r\u00e9v\u00e9l\u00e9es par \u00e9levage partiel et maitris\u00e9 en f\u00fbts. Vin d\u2019une agr\u00e9able complexit\u00e9.\" \/>\n<meta property=\"og:url\" content=\"https:\/\/www.loron.fr\/en\/produit\/moulin-a-vent-la-rochelle\/\" \/>\n<meta property=\"og:site_name\" content=\"Maison Jean Loron\" \/>\n<meta property=\"article:modified_time\" content=\"2026-04-13T07:42:03+00:00\" \/>\n<meta property=\"og:image\" content=\"https:\/\/www.loron.fr\/wp-content\/uploads\/2024\/03\/PHOTO-COVER-BOUTIQUE-2026-8.png\" \/>\n\t<meta property=\"og:image:width\" content=\"500\" \/>\n\t<meta property=\"og:image:height\" content=\"500\" \/>\n\t<meta property=\"og:image:type\" content=\"image\/png\" \/>\n<meta name=\"twitter:card\" content=\"summary_large_image\" \/>\n<script type=\"application\/ld+json\" class=\"yoast-schema-graph\">{\"@context\":\"https:\/\/schema.org\",\"@graph\":[{\"@type\":\"WebSite\",\"@id\":\"https:\/\/www.loron.fr\/en\/#website\",\"url\":\"https:\/\/www.loron.fr\/en\/\",\"name\":\"Maison Jean Loron\",\"description\":\"Domaines viticoles en Beaujolais et M\u00e2connais\",\"potentialAction\":[{\"@type\":\"SearchAction\",\"target\":{\"@type\":\"EntryPoint\",\"urlTemplate\":\"https:\/\/www.loron.fr\/en\/?s={search_term_string}\"},\"query-input\":\"required name=search_term_string\"}],\"inLanguage\":\"en-US\"},{\"@type\":\"ImageObject\",\"@id\":\"https:\/\/www.loron.fr\/en\/produit\/moulin-a-vent-la-rochelle\/#primaryimage\",\"inLanguage\":\"en-US\",\"url\":\"https:\/\/www.loron.fr\/wp-content\/uploads\/2024\/03\/PHOTO-COVER-BOUTIQUE-2026-8.png\",\"contentUrl\":\"https:\/\/www.loron.fr\/wp-content\/uploads\/2024\/03\/PHOTO-COVER-BOUTIQUE-2026-8.png\",\"width\":500,\"height\":500},{\"@type\":\"WebPage\",\"@id\":\"https:\/\/www.loron.fr\/en\/produit\/moulin-a-vent-la-rochelle\/#webpage\",\"url\":\"https:\/\/www.loron.fr\/en\/produit\/moulin-a-vent-la-rochelle\/\",\"name\":\"Moulin \u00e0 Vent - La Rochelle - Maison Jean Loron\",\"isPartOf\":{\"@id\":\"https:\/\/www.loron.fr\/en\/#website\"},\"primaryImageOfPage\":{\"@id\":\"https:\/\/www.loron.fr\/en\/produit\/moulin-a-vent-la-rochelle\/#primaryimage\"},\"datePublished\":\"2024-03-07T09:42:03+00:00\",\"dateModified\":\"2026-04-13T07:42:03+00:00\",\"description\":\"L\u2019assemblage des diff\u00e9rentes parcelles de notre domaine de Moulin \u00e0 Vent permet d\u2019allier l\u2019attaque fra\u00eeche \u00e0 une bouche suave concentrant des tanins \u00e9l\u00e9gants d\u2019une grande finesse. Les notes de cerise fraiche et la touche de m\u00fbre se marient aux saveurs l\u00e9g\u00e8rement vanille\u00e9s r\u00e9v\u00e9l\u00e9es par \u00e9levage partiel et maitris\u00e9 en f\u00fbts. Vin d\u2019une agr\u00e9able complexit\u00e9.\",\"breadcrumb\":{\"@id\":\"https:\/\/www.loron.fr\/en\/produit\/moulin-a-vent-la-rochelle\/#breadcrumb\"},\"inLanguage\":\"en-US\",\"potentialAction\":[{\"@type\":\"ReadAction\",\"target\":[\"https:\/\/www.loron.fr\/en\/produit\/moulin-a-vent-la-rochelle\/\"]}]},{\"@type\":\"BreadcrumbList\",\"@id\":\"https:\/\/www.loron.fr\/en\/produit\/moulin-a-vent-la-rochelle\/#breadcrumb\",\"itemListElement\":[{\"@type\":\"ListItem\",\"position\":1,\"name\":\"Accueil\",\"item\":\"https:\/\/www.loron.fr\/en\/\"},{\"@type\":\"ListItem\",\"position\":2,\"name\":\"Shop\",\"item\":\"https:\/\/www.loron.fr\/en\/?page_id=3435\"},{\"@type\":\"ListItem\",\"position\":3,\"name\":\"Moulin \u00e0 Vent &#8211; La Rochelle\"}]}]}<\/script>\n<!-- \/ Yoast SEO plugin. -->","yoast_head_json":{"title":"Moulin \u00e0 Vent - La Rochelle - Maison Jean Loron","description":"L\u2019assemblage des diff\u00e9rentes parcelles de notre domaine de Moulin \u00e0 Vent permet d\u2019allier l\u2019attaque fra\u00eeche \u00e0 une bouche suave concentrant des tanins \u00e9l\u00e9gants d\u2019une grande finesse. Les notes de cerise fraiche et la touche de m\u00fbre se marient aux saveurs l\u00e9g\u00e8rement vanille\u00e9s r\u00e9v\u00e9l\u00e9es par \u00e9levage partiel et maitris\u00e9 en f\u00fbts. Vin d\u2019une agr\u00e9able complexit\u00e9.","robots":{"index":"index","follow":"follow","max-snippet":"max-snippet:-1","max-image-preview":"max-image-preview:large","max-video-preview":"max-video-preview:-1"},"canonical":"https:\/\/www.loron.fr\/en\/produit\/moulin-a-vent-la-rochelle\/","og_locale":"en_US","og_type":"article","og_title":"Moulin \u00e0 Vent - La Rochelle - Maison Jean Loron","og_description":"L\u2019assemblage des diff\u00e9rentes parcelles de notre domaine de Moulin \u00e0 Vent permet d\u2019allier l\u2019attaque fra\u00eeche \u00e0 une bouche suave concentrant des tanins \u00e9l\u00e9gants d\u2019une grande finesse. Les notes de cerise fraiche et la touche de m\u00fbre se marient aux saveurs l\u00e9g\u00e8rement vanille\u00e9s r\u00e9v\u00e9l\u00e9es par \u00e9levage partiel et maitris\u00e9 en f\u00fbts. Vin d\u2019une agr\u00e9able complexit\u00e9.","og_url":"https:\/\/www.loron.fr\/en\/produit\/moulin-a-vent-la-rochelle\/","og_site_name":"Maison Jean Loron","article_modified_time":"2026-04-13T07:42:03+00:00","og_image":[{"width":500,"height":500,"url":"https:\/\/www.loron.fr\/wp-content\/uploads\/2024\/03\/PHOTO-COVER-BOUTIQUE-2026-8.png","type":"image\/png"}],"twitter_card":"summary_large_image","schema":{"@context":"https:\/\/schema.org","@graph":[{"@type":"WebSite","@id":"https:\/\/www.loron.fr\/en\/#website","url":"https:\/\/www.loron.fr\/en\/","name":"Maison Jean Loron","description":"Domaines viticoles en Beaujolais et M\u00e2connais","potentialAction":[{"@type":"SearchAction","target":{"@type":"EntryPoint","urlTemplate":"https:\/\/www.loron.fr\/en\/?s={search_term_string}"},"query-input":"required name=search_term_string"}],"inLanguage":"en-US"},{"@type":"ImageObject","@id":"https:\/\/www.loron.fr\/en\/produit\/moulin-a-vent-la-rochelle\/#primaryimage","inLanguage":"en-US","url":"https:\/\/www.loron.fr\/wp-content\/uploads\/2024\/03\/PHOTO-COVER-BOUTIQUE-2026-8.png","contentUrl":"https:\/\/www.loron.fr\/wp-content\/uploads\/2024\/03\/PHOTO-COVER-BOUTIQUE-2026-8.png","width":500,"height":500},{"@type":"WebPage","@id":"https:\/\/www.loron.fr\/en\/produit\/moulin-a-vent-la-rochelle\/#webpage","url":"https:\/\/www.loron.fr\/en\/produit\/moulin-a-vent-la-rochelle\/","name":"Moulin \u00e0 Vent - La Rochelle - Maison Jean Loron","isPartOf":{"@id":"https:\/\/www.loron.fr\/en\/#website"},"primaryImageOfPage":{"@id":"https:\/\/www.loron.fr\/en\/produit\/moulin-a-vent-la-rochelle\/#primaryimage"},"datePublished":"2024-03-07T09:42:03+00:00","dateModified":"2026-04-13T07:42:03+00:00","description":"L\u2019assemblage des diff\u00e9rentes parcelles de notre domaine de Moulin \u00e0 Vent permet d\u2019allier l\u2019attaque fra\u00eeche \u00e0 une bouche suave concentrant des tanins \u00e9l\u00e9gants d\u2019une grande finesse. Les notes de cerise fraiche et la touche de m\u00fbre se marient aux saveurs l\u00e9g\u00e8rement vanille\u00e9s r\u00e9v\u00e9l\u00e9es par \u00e9levage partiel et maitris\u00e9 en f\u00fbts. Vin d\u2019une agr\u00e9able complexit\u00e9.","breadcrumb":{"@id":"https:\/\/www.loron.fr\/en\/produit\/moulin-a-vent-la-rochelle\/#breadcrumb"},"inLanguage":"en-US","potentialAction":[{"@type":"ReadAction","target":["https:\/\/www.loron.fr\/en\/produit\/moulin-a-vent-la-rochelle\/"]}]},{"@type":"BreadcrumbList","@id":"https:\/\/www.loron.fr\/en\/produit\/moulin-a-vent-la-rochelle\/#breadcrumb","itemListElement":[{"@type":"ListItem","position":1,"name":"Accueil","item":"https:\/\/www.loron.fr\/en\/"},{"@type":"ListItem","position":2,"name":"Shop","item":"https:\/\/www.loron.fr\/en\/?page_id=3435"},{"@type":"ListItem","position":3,"name":"Moulin \u00e0 Vent &#8211; La Rochelle"}]}]}},"_links":{"self":[{"href":"https:\/\/www.loron.fr\/en\/wp-json\/wp\/v2\/product\/2941","targetHints":{"allow":["GET"]}}],"collection":[{"href":"https:\/\/www.loron.fr\/en\/wp-json\/wp\/v2\/product"}],"about":[{"href":"https:\/\/www.loron.fr\/en\/wp-json\/wp\/v2\/types\/product"}],"replies":[{"embeddable":true,"href":"https:\/\/www.loron.fr\/en\/wp-json\/wp\/v2\/comments?post=2941"}],"wp:featuredmedia":[{"embeddable":true,"href":"https:\/\/www.loron.fr\/en\/wp-json\/wp\/v2\/media\/8829"}],"wp:attachment":[{"href":"https:\/\/www.loron.fr\/en\/wp-json\/wp\/v2\/media?parent=2941"}],"wp:term":[{"taxonomy":"product_cat","embeddable":true,"href":"https:\/\/www.loron.fr\/en\/wp-json\/wp\/v2\/product_cat?post=2941"},{"taxonomy":"product_tag","embeddable":true,"href":"https:\/\/www.loron.fr\/en\/wp-json\/wp\/v2\/product_tag?post=2941"}],"curies":[{"name":"wp","href":"https:\/\/api.w.org\/{rel}","templated":true}]}}