{"id":385,"date":"2021-07-30T11:34:35","date_gmt":"2021-07-30T09:34:35","guid":{"rendered":"http:\/\/boutique.loron.fr\/?post_type=product&#038;p=385"},"modified":"2026-04-13T10:07:25","modified_gmt":"2026-04-13T08:07:25","slug":"julienas-clos-des-poulettes","status":"publish","type":"product","link":"https:\/\/www.loron.fr\/en\/produit\/julienas-clos-des-poulettes\/","title":{"rendered":"Clos des Poulettes"},"content":{"rendered":"","protected":false},"excerpt":{"rendered":"<p>Clos de 1,50 ha \u00e0 l&#8217;entr\u00e9e du village de Juli\u00e9nas, Le Clos des Poulettes b\u00e9n\u00e9ficie des effets b\u00e9n\u00e9fiques des sols compos\u00e9s de cort\u00e8ge de pierres bleues et d&#8217;alluvions caillouteux anciens. Une mac\u00e9ration longue d&#8217;environ 3 semaines et un \u00e9levage sur lies fines en cuve en font un vin complexe, de terroir et de bonne garde.<\/p>\n","protected":false},"featured_media":8859,"comment_status":"open","ping_status":"closed","template":"","meta":[],"product_cat":[54,32,15],"product_tag":[],"class_list":["post-385","product","type-product","status-publish","has-post-thumbnail","hentry","product_cat-gamme-parcellaire-beaujolais","product_cat-coup-de-coeur","product_cat-tous"],"acf":[],"yoast_head":"<!-- This site is optimized with the Yoast SEO plugin v18.4.1 - https:\/\/yoast.com\/wordpress\/plugins\/seo\/ -->\n<title>Clos des Poulettes - Maison Jean Loron<\/title>\n<meta name=\"robots\" content=\"index, follow, max-snippet:-1, max-image-preview:large, max-video-preview:-1\" \/>\n<link rel=\"canonical\" href=\"https:\/\/www.loron.fr\/en\/produit\/julienas-clos-des-poulettes\/\" \/>\n<meta property=\"og:locale\" content=\"en_US\" \/>\n<meta property=\"og:type\" content=\"article\" \/>\n<meta property=\"og:title\" content=\"Clos des Poulettes - Maison Jean Loron\" \/>\n<meta property=\"og:description\" content=\"Clos de 1,50 ha \u00e0 l&#039;entr\u00e9e du village de Juli\u00e9nas, Le Clos des Poulettes b\u00e9n\u00e9ficie des effets b\u00e9n\u00e9fiques des sols compos\u00e9s de cort\u00e8ge de pierres bleues et d&#039;alluvions caillouteux anciens. Une mac\u00e9ration longue d&#039;environ 3 semaines et un \u00e9levage sur lies fines en cuve en font un vin complexe, de terroir et de bonne garde.\" \/>\n<meta property=\"og:url\" content=\"https:\/\/www.loron.fr\/en\/produit\/julienas-clos-des-poulettes\/\" \/>\n<meta property=\"og:site_name\" content=\"Maison Jean Loron\" \/>\n<meta property=\"article:modified_time\" content=\"2026-04-13T08:07:25+00:00\" \/>\n<meta property=\"og:image\" content=\"https:\/\/www.loron.fr\/wp-content\/uploads\/2021\/07\/PHOTO-COVER-BOUTIQUE-2026-23.png\" \/>\n\t<meta property=\"og:image:width\" content=\"500\" \/>\n\t<meta property=\"og:image:height\" content=\"500\" \/>\n\t<meta property=\"og:image:type\" content=\"image\/png\" \/>\n<meta name=\"twitter:card\" content=\"summary_large_image\" \/>\n<script type=\"application\/ld+json\" class=\"yoast-schema-graph\">{\"@context\":\"https:\/\/schema.org\",\"@graph\":[{\"@type\":\"WebSite\",\"@id\":\"https:\/\/www.loron.fr\/en\/#website\",\"url\":\"https:\/\/www.loron.fr\/en\/\",\"name\":\"Maison Jean Loron\",\"description\":\"Domaines viticoles en Beaujolais et M\u00e2connais\",\"potentialAction\":[{\"@type\":\"SearchAction\",\"target\":{\"@type\":\"EntryPoint\",\"urlTemplate\":\"https:\/\/www.loron.fr\/en\/?s={search_term_string}\"},\"query-input\":\"required name=search_term_string\"}],\"inLanguage\":\"en-US\"},{\"@type\":\"ImageObject\",\"@id\":\"https:\/\/www.loron.fr\/en\/produit\/julienas-clos-des-poulettes\/#primaryimage\",\"inLanguage\":\"en-US\",\"url\":\"https:\/\/www.loron.fr\/wp-content\/uploads\/2021\/07\/PHOTO-COVER-BOUTIQUE-2026-23.png\",\"contentUrl\":\"https:\/\/www.loron.fr\/wp-content\/uploads\/2021\/07\/PHOTO-COVER-BOUTIQUE-2026-23.png\",\"width\":500,\"height\":500},{\"@type\":\"WebPage\",\"@id\":\"https:\/\/www.loron.fr\/en\/produit\/julienas-clos-des-poulettes\/#webpage\",\"url\":\"https:\/\/www.loron.fr\/en\/produit\/julienas-clos-des-poulettes\/\",\"name\":\"Clos des Poulettes - Maison Jean Loron\",\"isPartOf\":{\"@id\":\"https:\/\/www.loron.fr\/en\/#website\"},\"primaryImageOfPage\":{\"@id\":\"https:\/\/www.loron.fr\/en\/produit\/julienas-clos-des-poulettes\/#primaryimage\"},\"datePublished\":\"2021-07-30T09:34:35+00:00\",\"dateModified\":\"2026-04-13T08:07:25+00:00\",\"breadcrumb\":{\"@id\":\"https:\/\/www.loron.fr\/en\/produit\/julienas-clos-des-poulettes\/#breadcrumb\"},\"inLanguage\":\"en-US\",\"potentialAction\":[{\"@type\":\"ReadAction\",\"target\":[\"https:\/\/www.loron.fr\/en\/produit\/julienas-clos-des-poulettes\/\"]}]},{\"@type\":\"BreadcrumbList\",\"@id\":\"https:\/\/www.loron.fr\/en\/produit\/julienas-clos-des-poulettes\/#breadcrumb\",\"itemListElement\":[{\"@type\":\"ListItem\",\"position\":1,\"name\":\"Accueil\",\"item\":\"https:\/\/www.loron.fr\/en\/\"},{\"@type\":\"ListItem\",\"position\":2,\"name\":\"Shop\",\"item\":\"https:\/\/www.loron.fr\/en\/?page_id=3435\"},{\"@type\":\"ListItem\",\"position\":3,\"name\":\"Clos des Poulettes\"}]}]}<\/script>\n<!-- \/ Yoast SEO plugin. -->","yoast_head_json":{"title":"Clos des Poulettes - Maison Jean Loron","robots":{"index":"index","follow":"follow","max-snippet":"max-snippet:-1","max-image-preview":"max-image-preview:large","max-video-preview":"max-video-preview:-1"},"canonical":"https:\/\/www.loron.fr\/en\/produit\/julienas-clos-des-poulettes\/","og_locale":"en_US","og_type":"article","og_title":"Clos des Poulettes - Maison Jean Loron","og_description":"Clos de 1,50 ha \u00e0 l'entr\u00e9e du village de Juli\u00e9nas, Le Clos des Poulettes b\u00e9n\u00e9ficie des effets b\u00e9n\u00e9fiques des sols compos\u00e9s de cort\u00e8ge de pierres bleues et d'alluvions caillouteux anciens. Une mac\u00e9ration longue d'environ 3 semaines et un \u00e9levage sur lies fines en cuve en font un vin complexe, de terroir et de bonne garde.","og_url":"https:\/\/www.loron.fr\/en\/produit\/julienas-clos-des-poulettes\/","og_site_name":"Maison Jean Loron","article_modified_time":"2026-04-13T08:07:25+00:00","og_image":[{"width":500,"height":500,"url":"https:\/\/www.loron.fr\/wp-content\/uploads\/2021\/07\/PHOTO-COVER-BOUTIQUE-2026-23.png","type":"image\/png"}],"twitter_card":"summary_large_image","schema":{"@context":"https:\/\/schema.org","@graph":[{"@type":"WebSite","@id":"https:\/\/www.loron.fr\/en\/#website","url":"https:\/\/www.loron.fr\/en\/","name":"Maison Jean Loron","description":"Domaines viticoles en Beaujolais et M\u00e2connais","potentialAction":[{"@type":"SearchAction","target":{"@type":"EntryPoint","urlTemplate":"https:\/\/www.loron.fr\/en\/?s={search_term_string}"},"query-input":"required name=search_term_string"}],"inLanguage":"en-US"},{"@type":"ImageObject","@id":"https:\/\/www.loron.fr\/en\/produit\/julienas-clos-des-poulettes\/#primaryimage","inLanguage":"en-US","url":"https:\/\/www.loron.fr\/wp-content\/uploads\/2021\/07\/PHOTO-COVER-BOUTIQUE-2026-23.png","contentUrl":"https:\/\/www.loron.fr\/wp-content\/uploads\/2021\/07\/PHOTO-COVER-BOUTIQUE-2026-23.png","width":500,"height":500},{"@type":"WebPage","@id":"https:\/\/www.loron.fr\/en\/produit\/julienas-clos-des-poulettes\/#webpage","url":"https:\/\/www.loron.fr\/en\/produit\/julienas-clos-des-poulettes\/","name":"Clos des Poulettes - Maison Jean Loron","isPartOf":{"@id":"https:\/\/www.loron.fr\/en\/#website"},"primaryImageOfPage":{"@id":"https:\/\/www.loron.fr\/en\/produit\/julienas-clos-des-poulettes\/#primaryimage"},"datePublished":"2021-07-30T09:34:35+00:00","dateModified":"2026-04-13T08:07:25+00:00","breadcrumb":{"@id":"https:\/\/www.loron.fr\/en\/produit\/julienas-clos-des-poulettes\/#breadcrumb"},"inLanguage":"en-US","potentialAction":[{"@type":"ReadAction","target":["https:\/\/www.loron.fr\/en\/produit\/julienas-clos-des-poulettes\/"]}]},{"@type":"BreadcrumbList","@id":"https:\/\/www.loron.fr\/en\/produit\/julienas-clos-des-poulettes\/#breadcrumb","itemListElement":[{"@type":"ListItem","position":1,"name":"Accueil","item":"https:\/\/www.loron.fr\/en\/"},{"@type":"ListItem","position":2,"name":"Shop","item":"https:\/\/www.loron.fr\/en\/?page_id=3435"},{"@type":"ListItem","position":3,"name":"Clos des Poulettes"}]}]}},"_links":{"self":[{"href":"https:\/\/www.loron.fr\/en\/wp-json\/wp\/v2\/product\/385","targetHints":{"allow":["GET"]}}],"collection":[{"href":"https:\/\/www.loron.fr\/en\/wp-json\/wp\/v2\/product"}],"about":[{"href":"https:\/\/www.loron.fr\/en\/wp-json\/wp\/v2\/types\/product"}],"replies":[{"embeddable":true,"href":"https:\/\/www.loron.fr\/en\/wp-json\/wp\/v2\/comments?post=385"}],"wp:featuredmedia":[{"embeddable":true,"href":"https:\/\/www.loron.fr\/en\/wp-json\/wp\/v2\/media\/8859"}],"wp:attachment":[{"href":"https:\/\/www.loron.fr\/en\/wp-json\/wp\/v2\/media?parent=385"}],"wp:term":[{"taxonomy":"product_cat","embeddable":true,"href":"https:\/\/www.loron.fr\/en\/wp-json\/wp\/v2\/product_cat?post=385"},{"taxonomy":"product_tag","embeddable":true,"href":"https:\/\/www.loron.fr\/en\/wp-json\/wp\/v2\/product_tag?post=385"}],"curies":[{"name":"wp","href":"https:\/\/api.w.org\/{rel}","templated":true}]}}