{"id":816,"date":"2021-12-09T16:01:01","date_gmt":"2021-12-09T15:01:01","guid":{"rendered":"http:\/\/boutique.loron.fr\/?post_type=product&#038;p=816"},"modified":"2026-04-14T08:41:13","modified_gmt":"2026-04-14T06:41:13","slug":"bonnege-chateau-de-la-pierre","status":"publish","type":"product","link":"https:\/\/www.loron.fr\/en\/produit\/bonnege-chateau-de-la-pierre\/","title":{"rendered":"Bonn\u00e8ge"},"content":{"rendered":"","protected":false},"excerpt":{"rendered":"","protected":false},"featured_media":8819,"comment_status":"open","ping_status":"closed","template":"","meta":[],"product_cat":[54,15],"product_tag":[],"class_list":["post-816","product","type-product","status-publish","has-post-thumbnail","hentry","product_cat-gamme-parcellaire-beaujolais","product_cat-tous"],"acf":[],"yoast_head":"<!-- This site is optimized with the Yoast SEO plugin v18.4.1 - https:\/\/yoast.com\/wordpress\/plugins\/seo\/ -->\n<title>Bonn\u00e8ge - Maison Jean Loron<\/title>\n<meta name=\"description\" content=\"Un vin qui oscille entre puissance, fra\u00eecheur et \u00e9l\u00e9gance.3 hectares au pied du Mont Brouilly. Terroirs de pierres bleues, riche en magn\u00e9sium. L&#039;\u00e9tude des sols et l&#039;exp\u00e9rience \u00e0 la vigne et au chai ont permis d&#039;identifier cette micro-parcelle dont la situation r\u00e9v\u00e8le une forte personnalit\u00e9 transmise au vin. Parmi les crit\u00e8res retenus : la pr\u00e9sence historique de la vigne sur ces parcelles, des sp\u00e9cificit\u00e9s naturelles comme les pentes, les expositions et l&#039;\u00e9nergie re\u00e7ue au sol.\" \/>\n<meta name=\"robots\" content=\"index, follow, max-snippet:-1, max-image-preview:large, max-video-preview:-1\" \/>\n<link rel=\"canonical\" href=\"https:\/\/www.loron.fr\/en\/produit\/bonnege-chateau-de-la-pierre\/\" \/>\n<meta property=\"og:locale\" content=\"en_US\" \/>\n<meta property=\"og:type\" content=\"article\" \/>\n<meta property=\"og:title\" content=\"Bonn\u00e8ge - Maison Jean Loron\" \/>\n<meta property=\"og:description\" content=\"Un vin qui oscille entre puissance, fra\u00eecheur et \u00e9l\u00e9gance.3 hectares au pied du Mont Brouilly. Terroirs de pierres bleues, riche en magn\u00e9sium. L&#039;\u00e9tude des sols et l&#039;exp\u00e9rience \u00e0 la vigne et au chai ont permis d&#039;identifier cette micro-parcelle dont la situation r\u00e9v\u00e8le une forte personnalit\u00e9 transmise au vin. Parmi les crit\u00e8res retenus : la pr\u00e9sence historique de la vigne sur ces parcelles, des sp\u00e9cificit\u00e9s naturelles comme les pentes, les expositions et l&#039;\u00e9nergie re\u00e7ue au sol.\" \/>\n<meta property=\"og:url\" content=\"https:\/\/www.loron.fr\/en\/produit\/bonnege-chateau-de-la-pierre\/\" \/>\n<meta property=\"og:site_name\" content=\"Maison Jean Loron\" \/>\n<meta property=\"article:modified_time\" content=\"2026-04-14T06:41:13+00:00\" \/>\n<meta property=\"og:image\" content=\"https:\/\/www.loron.fr\/wp-content\/uploads\/2021\/12\/PHOTO-COVER-BOUTIQUE-2026-3.png\" \/>\n\t<meta property=\"og:image:width\" content=\"500\" \/>\n\t<meta property=\"og:image:height\" content=\"500\" \/>\n\t<meta property=\"og:image:type\" content=\"image\/png\" \/>\n<meta name=\"twitter:card\" content=\"summary_large_image\" \/>\n<script type=\"application\/ld+json\" class=\"yoast-schema-graph\">{\"@context\":\"https:\/\/schema.org\",\"@graph\":[{\"@type\":\"WebSite\",\"@id\":\"https:\/\/www.loron.fr\/en\/#website\",\"url\":\"https:\/\/www.loron.fr\/en\/\",\"name\":\"Maison Jean Loron\",\"description\":\"Domaines viticoles en Beaujolais et M\u00e2connais\",\"potentialAction\":[{\"@type\":\"SearchAction\",\"target\":{\"@type\":\"EntryPoint\",\"urlTemplate\":\"https:\/\/www.loron.fr\/en\/?s={search_term_string}\"},\"query-input\":\"required name=search_term_string\"}],\"inLanguage\":\"en-US\"},{\"@type\":\"ImageObject\",\"@id\":\"https:\/\/www.loron.fr\/en\/produit\/bonnege-chateau-de-la-pierre\/#primaryimage\",\"inLanguage\":\"en-US\",\"url\":\"https:\/\/www.loron.fr\/wp-content\/uploads\/2021\/12\/PHOTO-COVER-BOUTIQUE-2026-3.png\",\"contentUrl\":\"https:\/\/www.loron.fr\/wp-content\/uploads\/2021\/12\/PHOTO-COVER-BOUTIQUE-2026-3.png\",\"width\":500,\"height\":500},{\"@type\":\"WebPage\",\"@id\":\"https:\/\/www.loron.fr\/en\/produit\/bonnege-chateau-de-la-pierre\/#webpage\",\"url\":\"https:\/\/www.loron.fr\/en\/produit\/bonnege-chateau-de-la-pierre\/\",\"name\":\"Bonn\u00e8ge - Maison Jean Loron\",\"isPartOf\":{\"@id\":\"https:\/\/www.loron.fr\/en\/#website\"},\"primaryImageOfPage\":{\"@id\":\"https:\/\/www.loron.fr\/en\/produit\/bonnege-chateau-de-la-pierre\/#primaryimage\"},\"datePublished\":\"2021-12-09T15:01:01+00:00\",\"dateModified\":\"2026-04-14T06:41:13+00:00\",\"description\":\"Un vin qui oscille entre puissance, fra\u00eecheur et \u00e9l\u00e9gance.3 hectares au pied du Mont Brouilly. Terroirs de pierres bleues, riche en magn\u00e9sium. L'\u00e9tude des sols et l'exp\u00e9rience \u00e0 la vigne et au chai ont permis d'identifier cette micro-parcelle dont la situation r\u00e9v\u00e8le une forte personnalit\u00e9 transmise au vin. Parmi les crit\u00e8res retenus : la pr\u00e9sence historique de la vigne sur ces parcelles, des sp\u00e9cificit\u00e9s naturelles comme les pentes, les expositions et l'\u00e9nergie re\u00e7ue au sol.\",\"breadcrumb\":{\"@id\":\"https:\/\/www.loron.fr\/en\/produit\/bonnege-chateau-de-la-pierre\/#breadcrumb\"},\"inLanguage\":\"en-US\",\"potentialAction\":[{\"@type\":\"ReadAction\",\"target\":[\"https:\/\/www.loron.fr\/en\/produit\/bonnege-chateau-de-la-pierre\/\"]}]},{\"@type\":\"BreadcrumbList\",\"@id\":\"https:\/\/www.loron.fr\/en\/produit\/bonnege-chateau-de-la-pierre\/#breadcrumb\",\"itemListElement\":[{\"@type\":\"ListItem\",\"position\":1,\"name\":\"Accueil\",\"item\":\"https:\/\/www.loron.fr\/en\/\"},{\"@type\":\"ListItem\",\"position\":2,\"name\":\"Shop\",\"item\":\"https:\/\/www.loron.fr\/en\/?page_id=3435\"},{\"@type\":\"ListItem\",\"position\":3,\"name\":\"Bonn\u00e8ge\"}]}]}<\/script>\n<!-- \/ Yoast SEO plugin. -->","yoast_head_json":{"title":"Bonn\u00e8ge - Maison Jean Loron","description":"Un vin qui oscille entre puissance, fra\u00eecheur et \u00e9l\u00e9gance.3 hectares au pied du Mont Brouilly. Terroirs de pierres bleues, riche en magn\u00e9sium. L'\u00e9tude des sols et l'exp\u00e9rience \u00e0 la vigne et au chai ont permis d'identifier cette micro-parcelle dont la situation r\u00e9v\u00e8le une forte personnalit\u00e9 transmise au vin. Parmi les crit\u00e8res retenus : la pr\u00e9sence historique de la vigne sur ces parcelles, des sp\u00e9cificit\u00e9s naturelles comme les pentes, les expositions et l'\u00e9nergie re\u00e7ue au sol.","robots":{"index":"index","follow":"follow","max-snippet":"max-snippet:-1","max-image-preview":"max-image-preview:large","max-video-preview":"max-video-preview:-1"},"canonical":"https:\/\/www.loron.fr\/en\/produit\/bonnege-chateau-de-la-pierre\/","og_locale":"en_US","og_type":"article","og_title":"Bonn\u00e8ge - Maison Jean Loron","og_description":"Un vin qui oscille entre puissance, fra\u00eecheur et \u00e9l\u00e9gance.3 hectares au pied du Mont Brouilly. Terroirs de pierres bleues, riche en magn\u00e9sium. L'\u00e9tude des sols et l'exp\u00e9rience \u00e0 la vigne et au chai ont permis d'identifier cette micro-parcelle dont la situation r\u00e9v\u00e8le une forte personnalit\u00e9 transmise au vin. Parmi les crit\u00e8res retenus : la pr\u00e9sence historique de la vigne sur ces parcelles, des sp\u00e9cificit\u00e9s naturelles comme les pentes, les expositions et l'\u00e9nergie re\u00e7ue au sol.","og_url":"https:\/\/www.loron.fr\/en\/produit\/bonnege-chateau-de-la-pierre\/","og_site_name":"Maison Jean Loron","article_modified_time":"2026-04-14T06:41:13+00:00","og_image":[{"width":500,"height":500,"url":"https:\/\/www.loron.fr\/wp-content\/uploads\/2021\/12\/PHOTO-COVER-BOUTIQUE-2026-3.png","type":"image\/png"}],"twitter_card":"summary_large_image","schema":{"@context":"https:\/\/schema.org","@graph":[{"@type":"WebSite","@id":"https:\/\/www.loron.fr\/en\/#website","url":"https:\/\/www.loron.fr\/en\/","name":"Maison Jean Loron","description":"Domaines viticoles en Beaujolais et M\u00e2connais","potentialAction":[{"@type":"SearchAction","target":{"@type":"EntryPoint","urlTemplate":"https:\/\/www.loron.fr\/en\/?s={search_term_string}"},"query-input":"required name=search_term_string"}],"inLanguage":"en-US"},{"@type":"ImageObject","@id":"https:\/\/www.loron.fr\/en\/produit\/bonnege-chateau-de-la-pierre\/#primaryimage","inLanguage":"en-US","url":"https:\/\/www.loron.fr\/wp-content\/uploads\/2021\/12\/PHOTO-COVER-BOUTIQUE-2026-3.png","contentUrl":"https:\/\/www.loron.fr\/wp-content\/uploads\/2021\/12\/PHOTO-COVER-BOUTIQUE-2026-3.png","width":500,"height":500},{"@type":"WebPage","@id":"https:\/\/www.loron.fr\/en\/produit\/bonnege-chateau-de-la-pierre\/#webpage","url":"https:\/\/www.loron.fr\/en\/produit\/bonnege-chateau-de-la-pierre\/","name":"Bonn\u00e8ge - Maison Jean Loron","isPartOf":{"@id":"https:\/\/www.loron.fr\/en\/#website"},"primaryImageOfPage":{"@id":"https:\/\/www.loron.fr\/en\/produit\/bonnege-chateau-de-la-pierre\/#primaryimage"},"datePublished":"2021-12-09T15:01:01+00:00","dateModified":"2026-04-14T06:41:13+00:00","description":"Un vin qui oscille entre puissance, fra\u00eecheur et \u00e9l\u00e9gance.3 hectares au pied du Mont Brouilly. Terroirs de pierres bleues, riche en magn\u00e9sium. L'\u00e9tude des sols et l'exp\u00e9rience \u00e0 la vigne et au chai ont permis d'identifier cette micro-parcelle dont la situation r\u00e9v\u00e8le une forte personnalit\u00e9 transmise au vin. Parmi les crit\u00e8res retenus : la pr\u00e9sence historique de la vigne sur ces parcelles, des sp\u00e9cificit\u00e9s naturelles comme les pentes, les expositions et l'\u00e9nergie re\u00e7ue au sol.","breadcrumb":{"@id":"https:\/\/www.loron.fr\/en\/produit\/bonnege-chateau-de-la-pierre\/#breadcrumb"},"inLanguage":"en-US","potentialAction":[{"@type":"ReadAction","target":["https:\/\/www.loron.fr\/en\/produit\/bonnege-chateau-de-la-pierre\/"]}]},{"@type":"BreadcrumbList","@id":"https:\/\/www.loron.fr\/en\/produit\/bonnege-chateau-de-la-pierre\/#breadcrumb","itemListElement":[{"@type":"ListItem","position":1,"name":"Accueil","item":"https:\/\/www.loron.fr\/en\/"},{"@type":"ListItem","position":2,"name":"Shop","item":"https:\/\/www.loron.fr\/en\/?page_id=3435"},{"@type":"ListItem","position":3,"name":"Bonn\u00e8ge"}]}]}},"_links":{"self":[{"href":"https:\/\/www.loron.fr\/en\/wp-json\/wp\/v2\/product\/816","targetHints":{"allow":["GET"]}}],"collection":[{"href":"https:\/\/www.loron.fr\/en\/wp-json\/wp\/v2\/product"}],"about":[{"href":"https:\/\/www.loron.fr\/en\/wp-json\/wp\/v2\/types\/product"}],"replies":[{"embeddable":true,"href":"https:\/\/www.loron.fr\/en\/wp-json\/wp\/v2\/comments?post=816"}],"wp:featuredmedia":[{"embeddable":true,"href":"https:\/\/www.loron.fr\/en\/wp-json\/wp\/v2\/media\/8819"}],"wp:attachment":[{"href":"https:\/\/www.loron.fr\/en\/wp-json\/wp\/v2\/media?parent=816"}],"wp:term":[{"taxonomy":"product_cat","embeddable":true,"href":"https:\/\/www.loron.fr\/en\/wp-json\/wp\/v2\/product_cat?post=816"},{"taxonomy":"product_tag","embeddable":true,"href":"https:\/\/www.loron.fr\/en\/wp-json\/wp\/v2\/product_tag?post=816"}],"curies":[{"name":"wp","href":"https:\/\/api.w.org\/{rel}","templated":true}]}}