{"id":8553,"date":"2026-03-11T17:55:20","date_gmt":"2026-03-11T16:55:20","guid":{"rendered":"https:\/\/www.loron.fr\/?post_type=product&#038;p=8553"},"modified":"2026-04-14T12:02:35","modified_gmt":"2026-04-14T10:02:35","slug":"beaujolais-blanc-lor-des-pierres-collector","status":"publish","type":"product","link":"https:\/\/www.loron.fr\/en\/produit\/beaujolais-blanc-lor-des-pierres-collector\/","title":{"rendered":"Beaujolais Blanc L&#8217;Or des Pierres Collector"},"content":{"rendered":"","protected":false},"excerpt":{"rendered":"<p>Vinification traditionnelle en blanc, fermentation \u00e0 temp\u00e9rature contr\u00f4l\u00e9e vers 20 \u00b0C. Elevage sur lies fines pendant 8 mois environ, 40 % en f\u00fbts de ch\u00eane fran\u00e7ais et 60 % en cuve.<\/p>\n","protected":false},"featured_media":8815,"comment_status":"open","ping_status":"closed","template":"","meta":[],"product_cat":[21,15],"product_tag":[],"class_list":["post-8553","product","type-product","status-publish","has-post-thumbnail","hentry","product_cat-porte-drapeaux-beaujolais","product_cat-tous"],"acf":[],"yoast_head":"<!-- This site is optimized with the Yoast SEO plugin v18.4.1 - https:\/\/yoast.com\/wordpress\/plugins\/seo\/ -->\n<title>Beaujolais Blanc L&#039;Or des Pierres Collector - Maison Jean Loron<\/title>\n<meta name=\"robots\" content=\"index, follow, max-snippet:-1, max-image-preview:large, max-video-preview:-1\" \/>\n<link rel=\"canonical\" href=\"https:\/\/www.loron.fr\/en\/produit\/beaujolais-blanc-lor-des-pierres-collector\/\" \/>\n<meta property=\"og:locale\" content=\"en_US\" \/>\n<meta property=\"og:type\" content=\"article\" \/>\n<meta property=\"og:title\" content=\"Beaujolais Blanc L&#039;Or des Pierres Collector - Maison Jean Loron\" \/>\n<meta property=\"og:description\" content=\"Vinification traditionnelle en blanc, fermentation \u00e0 temp\u00e9rature contr\u00f4l\u00e9e vers 20 \u00b0C. Elevage sur lies fines pendant 8 mois environ, 40 % en f\u00fbts de ch\u00eane fran\u00e7ais et 60 % en cuve.\" \/>\n<meta property=\"og:url\" content=\"https:\/\/www.loron.fr\/en\/produit\/beaujolais-blanc-lor-des-pierres-collector\/\" \/>\n<meta property=\"og:site_name\" content=\"Maison Jean Loron\" \/>\n<meta property=\"article:modified_time\" content=\"2026-04-14T10:02:35+00:00\" \/>\n<meta property=\"og:image\" content=\"https:\/\/www.loron.fr\/wp-content\/uploads\/2026\/03\/PHOTO-COVER-BOUTIQUE-2026-1.png\" \/>\n\t<meta property=\"og:image:width\" content=\"500\" \/>\n\t<meta property=\"og:image:height\" content=\"500\" \/>\n\t<meta property=\"og:image:type\" content=\"image\/png\" \/>\n<meta name=\"twitter:card\" content=\"summary_large_image\" \/>\n<script type=\"application\/ld+json\" class=\"yoast-schema-graph\">{\"@context\":\"https:\/\/schema.org\",\"@graph\":[{\"@type\":\"WebSite\",\"@id\":\"https:\/\/www.loron.fr\/en\/#website\",\"url\":\"https:\/\/www.loron.fr\/en\/\",\"name\":\"Maison Jean Loron\",\"description\":\"Domaines viticoles en Beaujolais et M\u00e2connais\",\"potentialAction\":[{\"@type\":\"SearchAction\",\"target\":{\"@type\":\"EntryPoint\",\"urlTemplate\":\"https:\/\/www.loron.fr\/en\/?s={search_term_string}\"},\"query-input\":\"required name=search_term_string\"}],\"inLanguage\":\"en-US\"},{\"@type\":\"ImageObject\",\"@id\":\"https:\/\/www.loron.fr\/en\/produit\/beaujolais-blanc-lor-des-pierres-collector\/#primaryimage\",\"inLanguage\":\"en-US\",\"url\":\"https:\/\/www.loron.fr\/wp-content\/uploads\/2026\/03\/PHOTO-COVER-BOUTIQUE-2026-1.png\",\"contentUrl\":\"https:\/\/www.loron.fr\/wp-content\/uploads\/2026\/03\/PHOTO-COVER-BOUTIQUE-2026-1.png\",\"width\":500,\"height\":500},{\"@type\":\"WebPage\",\"@id\":\"https:\/\/www.loron.fr\/en\/produit\/beaujolais-blanc-lor-des-pierres-collector\/#webpage\",\"url\":\"https:\/\/www.loron.fr\/en\/produit\/beaujolais-blanc-lor-des-pierres-collector\/\",\"name\":\"Beaujolais Blanc L'Or des Pierres Collector - Maison Jean Loron\",\"isPartOf\":{\"@id\":\"https:\/\/www.loron.fr\/en\/#website\"},\"primaryImageOfPage\":{\"@id\":\"https:\/\/www.loron.fr\/en\/produit\/beaujolais-blanc-lor-des-pierres-collector\/#primaryimage\"},\"datePublished\":\"2026-03-11T16:55:20+00:00\",\"dateModified\":\"2026-04-14T10:02:35+00:00\",\"breadcrumb\":{\"@id\":\"https:\/\/www.loron.fr\/en\/produit\/beaujolais-blanc-lor-des-pierres-collector\/#breadcrumb\"},\"inLanguage\":\"en-US\",\"potentialAction\":[{\"@type\":\"ReadAction\",\"target\":[\"https:\/\/www.loron.fr\/en\/produit\/beaujolais-blanc-lor-des-pierres-collector\/\"]}]},{\"@type\":\"BreadcrumbList\",\"@id\":\"https:\/\/www.loron.fr\/en\/produit\/beaujolais-blanc-lor-des-pierres-collector\/#breadcrumb\",\"itemListElement\":[{\"@type\":\"ListItem\",\"position\":1,\"name\":\"Accueil\",\"item\":\"https:\/\/www.loron.fr\/en\/\"},{\"@type\":\"ListItem\",\"position\":2,\"name\":\"Shop\",\"item\":\"https:\/\/www.loron.fr\/en\/?page_id=3435\"},{\"@type\":\"ListItem\",\"position\":3,\"name\":\"Beaujolais Blanc L&rsquo;Or des Pierres Collector\"}]}]}<\/script>\n<!-- \/ Yoast SEO plugin. -->","yoast_head_json":{"title":"Beaujolais Blanc L'Or des Pierres Collector - Maison Jean Loron","robots":{"index":"index","follow":"follow","max-snippet":"max-snippet:-1","max-image-preview":"max-image-preview:large","max-video-preview":"max-video-preview:-1"},"canonical":"https:\/\/www.loron.fr\/en\/produit\/beaujolais-blanc-lor-des-pierres-collector\/","og_locale":"en_US","og_type":"article","og_title":"Beaujolais Blanc L'Or des Pierres Collector - Maison Jean Loron","og_description":"Vinification traditionnelle en blanc, fermentation \u00e0 temp\u00e9rature contr\u00f4l\u00e9e vers 20 \u00b0C. Elevage sur lies fines pendant 8 mois environ, 40 % en f\u00fbts de ch\u00eane fran\u00e7ais et 60 % en cuve.","og_url":"https:\/\/www.loron.fr\/en\/produit\/beaujolais-blanc-lor-des-pierres-collector\/","og_site_name":"Maison Jean Loron","article_modified_time":"2026-04-14T10:02:35+00:00","og_image":[{"width":500,"height":500,"url":"https:\/\/www.loron.fr\/wp-content\/uploads\/2026\/03\/PHOTO-COVER-BOUTIQUE-2026-1.png","type":"image\/png"}],"twitter_card":"summary_large_image","schema":{"@context":"https:\/\/schema.org","@graph":[{"@type":"WebSite","@id":"https:\/\/www.loron.fr\/en\/#website","url":"https:\/\/www.loron.fr\/en\/","name":"Maison Jean Loron","description":"Domaines viticoles en Beaujolais et M\u00e2connais","potentialAction":[{"@type":"SearchAction","target":{"@type":"EntryPoint","urlTemplate":"https:\/\/www.loron.fr\/en\/?s={search_term_string}"},"query-input":"required name=search_term_string"}],"inLanguage":"en-US"},{"@type":"ImageObject","@id":"https:\/\/www.loron.fr\/en\/produit\/beaujolais-blanc-lor-des-pierres-collector\/#primaryimage","inLanguage":"en-US","url":"https:\/\/www.loron.fr\/wp-content\/uploads\/2026\/03\/PHOTO-COVER-BOUTIQUE-2026-1.png","contentUrl":"https:\/\/www.loron.fr\/wp-content\/uploads\/2026\/03\/PHOTO-COVER-BOUTIQUE-2026-1.png","width":500,"height":500},{"@type":"WebPage","@id":"https:\/\/www.loron.fr\/en\/produit\/beaujolais-blanc-lor-des-pierres-collector\/#webpage","url":"https:\/\/www.loron.fr\/en\/produit\/beaujolais-blanc-lor-des-pierres-collector\/","name":"Beaujolais Blanc L'Or des Pierres Collector - Maison Jean Loron","isPartOf":{"@id":"https:\/\/www.loron.fr\/en\/#website"},"primaryImageOfPage":{"@id":"https:\/\/www.loron.fr\/en\/produit\/beaujolais-blanc-lor-des-pierres-collector\/#primaryimage"},"datePublished":"2026-03-11T16:55:20+00:00","dateModified":"2026-04-14T10:02:35+00:00","breadcrumb":{"@id":"https:\/\/www.loron.fr\/en\/produit\/beaujolais-blanc-lor-des-pierres-collector\/#breadcrumb"},"inLanguage":"en-US","potentialAction":[{"@type":"ReadAction","target":["https:\/\/www.loron.fr\/en\/produit\/beaujolais-blanc-lor-des-pierres-collector\/"]}]},{"@type":"BreadcrumbList","@id":"https:\/\/www.loron.fr\/en\/produit\/beaujolais-blanc-lor-des-pierres-collector\/#breadcrumb","itemListElement":[{"@type":"ListItem","position":1,"name":"Accueil","item":"https:\/\/www.loron.fr\/en\/"},{"@type":"ListItem","position":2,"name":"Shop","item":"https:\/\/www.loron.fr\/en\/?page_id=3435"},{"@type":"ListItem","position":3,"name":"Beaujolais Blanc L&rsquo;Or des Pierres Collector"}]}]}},"_links":{"self":[{"href":"https:\/\/www.loron.fr\/en\/wp-json\/wp\/v2\/product\/8553","targetHints":{"allow":["GET"]}}],"collection":[{"href":"https:\/\/www.loron.fr\/en\/wp-json\/wp\/v2\/product"}],"about":[{"href":"https:\/\/www.loron.fr\/en\/wp-json\/wp\/v2\/types\/product"}],"replies":[{"embeddable":true,"href":"https:\/\/www.loron.fr\/en\/wp-json\/wp\/v2\/comments?post=8553"}],"wp:featuredmedia":[{"embeddable":true,"href":"https:\/\/www.loron.fr\/en\/wp-json\/wp\/v2\/media\/8815"}],"wp:attachment":[{"href":"https:\/\/www.loron.fr\/en\/wp-json\/wp\/v2\/media?parent=8553"}],"wp:term":[{"taxonomy":"product_cat","embeddable":true,"href":"https:\/\/www.loron.fr\/en\/wp-json\/wp\/v2\/product_cat?post=8553"},{"taxonomy":"product_tag","embeddable":true,"href":"https:\/\/www.loron.fr\/en\/wp-json\/wp\/v2\/product_tag?post=8553"}],"curies":[{"name":"wp","href":"https:\/\/api.w.org\/{rel}","templated":true}]}}