{"id":9009,"date":"2026-04-13T10:21:14","date_gmt":"2026-04-13T08:21:14","guid":{"rendered":"https:\/\/www.loron.fr\/?post_type=product&#038;p=9009"},"modified":"2026-04-23T12:46:21","modified_gmt":"2026-04-23T10:46:21","slug":"mlle-jeanne-rose","status":"publish","type":"product","link":"https:\/\/www.loron.fr\/en\/produit\/mlle-jeanne-rose\/","title":{"rendered":"Mlle Jeanne Ros\u00e9"},"content":{"rendered":"","protected":false},"excerpt":{"rendered":"<p>Cette cuv\u00e9e est pleine de fra\u00eecheur et de gourmandise. Elabor\u00e9e avec soin, elle accompagnera vos pauses ensoleill\u00e9es, vos repas bien assaisonn\u00e9s, vos ap\u00e9ritifs bien entour\u00e9s&#8230; sans oublier vos soir\u00e9es anim\u00e9es !<br \/>\nUn ros\u00e9 aux ar\u00f4mes de petits fruits rouges (groseille, framboise) avec une touche de cassis et une note de fleurs blanches type acacia. Sa bouche est rafraichissante, gouleyante et sur le fruit.<\/p>\n","protected":false},"featured_media":9010,"comment_status":"open","ping_status":"closed","template":"","meta":[],"product_cat":[20,15],"product_tag":[],"class_list":["post-9009","product","type-product","status-publish","has-post-thumbnail","hentry","product_cat-jean-vin-de-france","product_cat-tous"],"acf":[],"yoast_head":"<!-- This site is optimized with the Yoast SEO plugin v18.4.1 - https:\/\/yoast.com\/wordpress\/plugins\/seo\/ -->\n<title>Mlle Jeanne Ros\u00e9 - Maison Jean Loron<\/title>\n<meta name=\"robots\" content=\"index, follow, max-snippet:-1, max-image-preview:large, max-video-preview:-1\" \/>\n<link rel=\"canonical\" href=\"https:\/\/www.loron.fr\/en\/produit\/mlle-jeanne-rose\/\" \/>\n<meta property=\"og:locale\" content=\"en_US\" \/>\n<meta property=\"og:type\" content=\"article\" \/>\n<meta property=\"og:title\" content=\"Mlle Jeanne Ros\u00e9 - Maison Jean Loron\" \/>\n<meta property=\"og:description\" content=\"Cette cuv\u00e9e est pleine de fra\u00eecheur et de gourmandise. Elabor\u00e9e avec soin, elle accompagnera vos pauses ensoleill\u00e9es, vos repas bien assaisonn\u00e9s, vos ap\u00e9ritifs bien entour\u00e9s... sans oublier vos soir\u00e9es anim\u00e9es ! Un ros\u00e9 aux ar\u00f4mes de petits fruits rouges (groseille, framboise) avec une touche de cassis et une note de fleurs blanches type acacia. Sa bouche est rafraichissante, gouleyante et sur le fruit.\" \/>\n<meta property=\"og:url\" content=\"https:\/\/www.loron.fr\/en\/produit\/mlle-jeanne-rose\/\" \/>\n<meta property=\"og:site_name\" content=\"Maison Jean Loron\" \/>\n<meta property=\"article:modified_time\" content=\"2026-04-23T10:46:21+00:00\" \/>\n<meta property=\"og:image\" content=\"https:\/\/www.loron.fr\/wp-content\/uploads\/2026\/04\/PHOTO-COVER-BOUTIQUE-2026-32.png\" \/>\n\t<meta property=\"og:image:width\" content=\"500\" \/>\n\t<meta property=\"og:image:height\" content=\"500\" \/>\n\t<meta property=\"og:image:type\" content=\"image\/png\" \/>\n<meta name=\"twitter:card\" content=\"summary_large_image\" \/>\n<script type=\"application\/ld+json\" class=\"yoast-schema-graph\">{\"@context\":\"https:\/\/schema.org\",\"@graph\":[{\"@type\":\"WebSite\",\"@id\":\"https:\/\/www.loron.fr\/en\/#website\",\"url\":\"https:\/\/www.loron.fr\/en\/\",\"name\":\"Maison Jean Loron\",\"description\":\"Domaines viticoles en Beaujolais et M\u00e2connais\",\"potentialAction\":[{\"@type\":\"SearchAction\",\"target\":{\"@type\":\"EntryPoint\",\"urlTemplate\":\"https:\/\/www.loron.fr\/en\/?s={search_term_string}\"},\"query-input\":\"required name=search_term_string\"}],\"inLanguage\":\"en-US\"},{\"@type\":\"ImageObject\",\"@id\":\"https:\/\/www.loron.fr\/en\/produit\/mlle-jeanne-rose\/#primaryimage\",\"inLanguage\":\"en-US\",\"url\":\"https:\/\/www.loron.fr\/wp-content\/uploads\/2026\/04\/PHOTO-COVER-BOUTIQUE-2026-32.png\",\"contentUrl\":\"https:\/\/www.loron.fr\/wp-content\/uploads\/2026\/04\/PHOTO-COVER-BOUTIQUE-2026-32.png\",\"width\":500,\"height\":500},{\"@type\":\"WebPage\",\"@id\":\"https:\/\/www.loron.fr\/en\/produit\/mlle-jeanne-rose\/#webpage\",\"url\":\"https:\/\/www.loron.fr\/en\/produit\/mlle-jeanne-rose\/\",\"name\":\"Mlle Jeanne Ros\u00e9 - Maison Jean Loron\",\"isPartOf\":{\"@id\":\"https:\/\/www.loron.fr\/en\/#website\"},\"primaryImageOfPage\":{\"@id\":\"https:\/\/www.loron.fr\/en\/produit\/mlle-jeanne-rose\/#primaryimage\"},\"datePublished\":\"2026-04-13T08:21:14+00:00\",\"dateModified\":\"2026-04-23T10:46:21+00:00\",\"breadcrumb\":{\"@id\":\"https:\/\/www.loron.fr\/en\/produit\/mlle-jeanne-rose\/#breadcrumb\"},\"inLanguage\":\"en-US\",\"potentialAction\":[{\"@type\":\"ReadAction\",\"target\":[\"https:\/\/www.loron.fr\/en\/produit\/mlle-jeanne-rose\/\"]}]},{\"@type\":\"BreadcrumbList\",\"@id\":\"https:\/\/www.loron.fr\/en\/produit\/mlle-jeanne-rose\/#breadcrumb\",\"itemListElement\":[{\"@type\":\"ListItem\",\"position\":1,\"name\":\"Accueil\",\"item\":\"https:\/\/www.loron.fr\/en\/\"},{\"@type\":\"ListItem\",\"position\":2,\"name\":\"Shop\",\"item\":\"https:\/\/www.loron.fr\/en\/?page_id=3435\"},{\"@type\":\"ListItem\",\"position\":3,\"name\":\"Mlle Jeanne Ros\u00e9\"}]}]}<\/script>\n<!-- \/ Yoast SEO plugin. -->","yoast_head_json":{"title":"Mlle Jeanne Ros\u00e9 - Maison Jean Loron","robots":{"index":"index","follow":"follow","max-snippet":"max-snippet:-1","max-image-preview":"max-image-preview:large","max-video-preview":"max-video-preview:-1"},"canonical":"https:\/\/www.loron.fr\/en\/produit\/mlle-jeanne-rose\/","og_locale":"en_US","og_type":"article","og_title":"Mlle Jeanne Ros\u00e9 - Maison Jean Loron","og_description":"Cette cuv\u00e9e est pleine de fra\u00eecheur et de gourmandise. Elabor\u00e9e avec soin, elle accompagnera vos pauses ensoleill\u00e9es, vos repas bien assaisonn\u00e9s, vos ap\u00e9ritifs bien entour\u00e9s... sans oublier vos soir\u00e9es anim\u00e9es ! Un ros\u00e9 aux ar\u00f4mes de petits fruits rouges (groseille, framboise) avec une touche de cassis et une note de fleurs blanches type acacia. Sa bouche est rafraichissante, gouleyante et sur le fruit.","og_url":"https:\/\/www.loron.fr\/en\/produit\/mlle-jeanne-rose\/","og_site_name":"Maison Jean Loron","article_modified_time":"2026-04-23T10:46:21+00:00","og_image":[{"width":500,"height":500,"url":"https:\/\/www.loron.fr\/wp-content\/uploads\/2026\/04\/PHOTO-COVER-BOUTIQUE-2026-32.png","type":"image\/png"}],"twitter_card":"summary_large_image","schema":{"@context":"https:\/\/schema.org","@graph":[{"@type":"WebSite","@id":"https:\/\/www.loron.fr\/en\/#website","url":"https:\/\/www.loron.fr\/en\/","name":"Maison Jean Loron","description":"Domaines viticoles en Beaujolais et M\u00e2connais","potentialAction":[{"@type":"SearchAction","target":{"@type":"EntryPoint","urlTemplate":"https:\/\/www.loron.fr\/en\/?s={search_term_string}"},"query-input":"required name=search_term_string"}],"inLanguage":"en-US"},{"@type":"ImageObject","@id":"https:\/\/www.loron.fr\/en\/produit\/mlle-jeanne-rose\/#primaryimage","inLanguage":"en-US","url":"https:\/\/www.loron.fr\/wp-content\/uploads\/2026\/04\/PHOTO-COVER-BOUTIQUE-2026-32.png","contentUrl":"https:\/\/www.loron.fr\/wp-content\/uploads\/2026\/04\/PHOTO-COVER-BOUTIQUE-2026-32.png","width":500,"height":500},{"@type":"WebPage","@id":"https:\/\/www.loron.fr\/en\/produit\/mlle-jeanne-rose\/#webpage","url":"https:\/\/www.loron.fr\/en\/produit\/mlle-jeanne-rose\/","name":"Mlle Jeanne Ros\u00e9 - Maison Jean Loron","isPartOf":{"@id":"https:\/\/www.loron.fr\/en\/#website"},"primaryImageOfPage":{"@id":"https:\/\/www.loron.fr\/en\/produit\/mlle-jeanne-rose\/#primaryimage"},"datePublished":"2026-04-13T08:21:14+00:00","dateModified":"2026-04-23T10:46:21+00:00","breadcrumb":{"@id":"https:\/\/www.loron.fr\/en\/produit\/mlle-jeanne-rose\/#breadcrumb"},"inLanguage":"en-US","potentialAction":[{"@type":"ReadAction","target":["https:\/\/www.loron.fr\/en\/produit\/mlle-jeanne-rose\/"]}]},{"@type":"BreadcrumbList","@id":"https:\/\/www.loron.fr\/en\/produit\/mlle-jeanne-rose\/#breadcrumb","itemListElement":[{"@type":"ListItem","position":1,"name":"Accueil","item":"https:\/\/www.loron.fr\/en\/"},{"@type":"ListItem","position":2,"name":"Shop","item":"https:\/\/www.loron.fr\/en\/?page_id=3435"},{"@type":"ListItem","position":3,"name":"Mlle Jeanne Ros\u00e9"}]}]}},"_links":{"self":[{"href":"https:\/\/www.loron.fr\/en\/wp-json\/wp\/v2\/product\/9009","targetHints":{"allow":["GET"]}}],"collection":[{"href":"https:\/\/www.loron.fr\/en\/wp-json\/wp\/v2\/product"}],"about":[{"href":"https:\/\/www.loron.fr\/en\/wp-json\/wp\/v2\/types\/product"}],"replies":[{"embeddable":true,"href":"https:\/\/www.loron.fr\/en\/wp-json\/wp\/v2\/comments?post=9009"}],"wp:featuredmedia":[{"embeddable":true,"href":"https:\/\/www.loron.fr\/en\/wp-json\/wp\/v2\/media\/9010"}],"wp:attachment":[{"href":"https:\/\/www.loron.fr\/en\/wp-json\/wp\/v2\/media?parent=9009"}],"wp:term":[{"taxonomy":"product_cat","embeddable":true,"href":"https:\/\/www.loron.fr\/en\/wp-json\/wp\/v2\/product_cat?post=9009"},{"taxonomy":"product_tag","embeddable":true,"href":"https:\/\/www.loron.fr\/en\/wp-json\/wp\/v2\/product_tag?post=9009"}],"curies":[{"name":"wp","href":"https:\/\/api.w.org\/{rel}","templated":true}]}}